{"id":2960,"date":"2025-06-04T10:57:16","date_gmt":"2025-06-04T08:57:16","guid":{"rendered":"https:\/\/enaip.it\/?page_id=2960"},"modified":"2026-03-09T12:31:23","modified_gmt":"2026-03-09T11:31:23","slug":"eventi","status":"publish","type":"page","link":"https:\/\/enaip.it\/?page_id=2960","title":{"rendered":"Eventi"},"content":{"rendered":"\t\t<div data-elementor-type=\"wp-page\" data-elementor-id=\"2960\" class=\"elementor elementor-2960\" data-elementor-post-type=\"page\">\n\t\t\t\t<div class=\"elementor-element elementor-element-a3dad01 e-flex e-con-boxed e-con e-parent\" data-id=\"a3dad01\" data-element_type=\"container\" data-e-type=\"container\">\n\t\t\t\t\t<div class=\"e-con-inner\">\n\t\t\t\t\t<\/div>\n\t\t\t\t<\/div>\n\t\t<div class=\"elementor-element elementor-element-9ffd8a7 e-con-full e-flex e-con e-parent\" data-id=\"9ffd8a7\" data-element_type=\"container\" data-e-type=\"container\" data-settings=\"{&quot;background_background&quot;:&quot;classic&quot;}\">\n\t\t\t\t<div class=\"elementor-element elementor-element-28be84a elementor-widget elementor-widget-heading\" data-id=\"28be84a\" data-element_type=\"widget\" data-e-type=\"widget\" data-widget_type=\"heading.default\">\n\t\t\t\t<div class=\"elementor-widget-container\">\n\t\t\t\t\t<h1 class=\"elementor-heading-title elementor-size-default\">     Eventi<\/h1>\t\t\t\t<\/div>\n\t\t\t\t<\/div>\n\t\t\t\t<\/div>\n\t\t<div class=\"elementor-element elementor-element-8deb8c7 e-flex e-con-boxed e-con e-parent\" data-id=\"8deb8c7\" data-element_type=\"container\" data-e-type=\"container\">\n\t\t\t\t\t<div class=\"e-con-inner\">\n\t\t\t\t<div class=\"elementor-element elementor-element-21d6f78 elementor-widget elementor-widget-spacer\" data-id=\"21d6f78\" data-element_type=\"widget\" data-e-type=\"widget\" data-widget_type=\"spacer.default\">\n\t\t\t\t<div class=\"elementor-widget-container\">\n\t\t\t\t\t\t\t<div class=\"elementor-spacer\">\n\t\t\t<div class=\"elementor-spacer-inner\"><\/div>\n\t\t<\/div>\n\t\t\t\t\t\t<\/div>\n\t\t\t\t<\/div>\n\t\t\t\t\t<\/div>\n\t\t\t\t<\/div>\n\t\t<div class=\"elementor-element elementor-element-48bccea e-flex e-con-boxed e-con e-parent\" data-id=\"48bccea\" data-element_type=\"container\" data-e-type=\"container\">\n\t\t\t\t\t<div class=\"e-con-inner\">\n\t\t<div class=\"elementor-element elementor-element-8095534 e-con-full e-flex e-con e-child\" data-id=\"8095534\" data-element_type=\"container\" data-e-type=\"container\">\n\t\t\t\t<div class=\"elementor-element elementor-element-eeaaa03 elementor-widget elementor-widget-image\" data-id=\"eeaaa03\" data-element_type=\"widget\" data-e-type=\"widget\" data-widget_type=\"image.default\">\n\t\t\t\t<div class=\"elementor-widget-container\">\n\t\t\t\t\t\t\t\t\t\t\t\t\t\t\t<img fetchpriority=\"high\" decoding=\"async\" width=\"1024\" height=\"576\" src=\"https:\/\/enaip.it\/wp-content\/uploads\/2026\/03\/EZA2026.webp\" class=\"attachment-large size-large wp-image-3419\" alt=\"\" srcset=\"https:\/\/enaip.it\/wp-content\/uploads\/2026\/03\/EZA2026.webp 1024w, https:\/\/enaip.it\/wp-content\/uploads\/2026\/03\/EZA2026-300x169.webp 300w, https:\/\/enaip.it\/wp-content\/uploads\/2026\/03\/EZA2026-768x432.webp 768w\" sizes=\"(max-width: 1024px) 100vw, 1024px\" \/>\t\t\t\t\t\t\t\t\t\t\t\t\t\t\t<\/div>\n\t\t\t\t<\/div>\n\t\t\t\t<\/div>\n\t\t<div class=\"elementor-element elementor-element-3627c9f e-con-full e-flex e-con e-child\" data-id=\"3627c9f\" data-element_type=\"container\" data-e-type=\"container\">\n\t\t\t\t<div class=\"elementor-element elementor-element-941f431 elementor-widget elementor-widget-heading\" data-id=\"941f431\" data-element_type=\"widget\" data-e-type=\"widget\" data-widget_type=\"heading.default\">\n\t\t\t\t<div class=\"elementor-widget-container\">\n\t\t\t\t\t<h4 class=\"elementor-heading-title elementor-size-default\">Barcellona, 18-20 febbraio 2026<\/h4>\t\t\t\t<\/div>\n\t\t\t\t<\/div>\n\t\t\t\t<div class=\"elementor-element elementor-element-3039ef7 elementor-widget elementor-widget-text-editor\" data-id=\"3039ef7\" data-element_type=\"widget\" data-e-type=\"widget\" data-widget_type=\"text-editor.default\">\n\t\t\t\t<div class=\"elementor-widget-container\">\n\t\t\t\t\t\t\t\t\t<p>Si rinnova l&#8217;appuntamento annuale dell&#8217;importante seminario internazionale EZA in collaborazione con ACLI e la Federazione Acli Internazionale. Anche quest&#8217;anno ENAIP Nazionale partecipa all&#8217;organizzazione del seminario e alla conduzione dei lavori di gruppo per l&#8217;emersione delle buone pratiche!<\/p><p><a href=\"https:\/\/enaip.it\/?p=3194\" data-wplink-edit=\"true\"><strong>Leggi tutto<\/strong><\/a><\/p>\t\t\t\t\t\t\t\t<\/div>\n\t\t\t\t<\/div>\n\t\t\t\t<\/div>\n\t\t\t\t\t<\/div>\n\t\t\t\t<\/div>\n\t\t<div class=\"elementor-element elementor-element-8f954d7 e-flex e-con-boxed e-con e-parent\" data-id=\"8f954d7\" data-element_type=\"container\" data-e-type=\"container\">\n\t\t\t\t\t<div class=\"e-con-inner\">\n\t\t<div class=\"elementor-element elementor-element-9474c6a e-con-full e-flex e-con e-child\" data-id=\"9474c6a\" data-element_type=\"container\" data-e-type=\"container\">\n\t\t\t\t<div class=\"elementor-element elementor-element-7b97e2a elementor-widget elementor-widget-image\" data-id=\"7b97e2a\" data-element_type=\"widget\" data-e-type=\"widget\" data-widget_type=\"image.default\">\n\t\t\t\t<div class=\"elementor-widget-container\">\n\t\t\t\t\t\t\t\t\t\t\t\t\t\t\t<img decoding=\"async\" width=\"1024\" height=\"576\" src=\"https:\/\/enaip.it\/wp-content\/uploads\/2025\/11\/SBE_2025_0-1024x576.jpg\" class=\"attachment-large size-large wp-image-3212\" alt=\"\" srcset=\"https:\/\/enaip.it\/wp-content\/uploads\/2025\/11\/SBE_2025_0-1024x576.jpg 1024w, https:\/\/enaip.it\/wp-content\/uploads\/2025\/11\/SBE_2025_0-300x169.jpg 300w, https:\/\/enaip.it\/wp-content\/uploads\/2025\/11\/SBE_2025_0-768x432.jpg 768w, https:\/\/enaip.it\/wp-content\/uploads\/2025\/11\/SBE_2025_0.jpg 1280w\" sizes=\"(max-width: 1024px) 100vw, 1024px\" \/>\t\t\t\t\t\t\t\t\t\t\t\t\t\t\t<\/div>\n\t\t\t\t<\/div>\n\t\t\t\t<\/div>\n\t\t<div class=\"elementor-element elementor-element-eb124be e-con-full e-flex e-con e-child\" data-id=\"eb124be\" data-element_type=\"container\" data-e-type=\"container\">\n\t\t\t\t<div class=\"elementor-element elementor-element-1b68275 elementor-widget elementor-widget-heading\" data-id=\"1b68275\" data-element_type=\"widget\" data-e-type=\"widget\" data-widget_type=\"heading.default\">\n\t\t\t\t<div class=\"elementor-widget-container\">\n\t\t\t\t\t<h4 class=\"elementor-heading-title elementor-size-default\">Milano, 19-21 novembre 2025<\/h4>\t\t\t\t<\/div>\n\t\t\t\t<\/div>\n\t\t\t\t<div class=\"elementor-element elementor-element-cae9993 elementor-widget elementor-widget-text-editor\" data-id=\"cae9993\" data-element_type=\"widget\" data-e-type=\"widget\" data-widget_type=\"text-editor.default\">\n\t\t\t\t<div class=\"elementor-widget-container\">\n\t\t\t\t\t\t\t\t\t<p>Grande affluenza alla Fiera dello Smart Building Expo di Milano, dove pi\u00f9 di 300 allievi della rete ENAIP ha partecipato alle iniziative e alle attivit\u00e0 organizzate. ENAIP \u00e8 stato presente anche con lo stand allestito per il progetto LIFE SKEMA.<\/p><p><a href=\"https:\/\/enaip.it\/?p=3194\" data-wplink-edit=\"true\"><strong>Leggi tutto<\/strong><\/a><\/p>\t\t\t\t\t\t\t\t<\/div>\n\t\t\t\t<\/div>\n\t\t\t\t<\/div>\n\t\t\t\t\t<\/div>\n\t\t\t\t<\/div>\n\t\t<div class=\"elementor-element elementor-element-2021528 e-flex e-con-boxed e-con e-parent\" data-id=\"2021528\" data-element_type=\"container\" data-e-type=\"container\">\n\t\t\t\t\t<div class=\"e-con-inner\">\n\t\t<div class=\"elementor-element elementor-element-190fc6d e-con-full e-flex e-con e-child\" data-id=\"190fc6d\" data-element_type=\"container\" data-e-type=\"container\">\n\t\t\t\t<div class=\"elementor-element elementor-element-0b7c3f9 elementor-widget elementor-widget-image\" data-id=\"0b7c3f9\" data-element_type=\"widget\" data-e-type=\"widget\" data-widget_type=\"image.default\">\n\t\t\t\t<div class=\"elementor-widget-container\">\n\t\t\t\t\t\t\t\t\t\t\t\t\t\t\t<img decoding=\"async\" width=\"1024\" height=\"683\" src=\"https:\/\/enaip.it\/wp-content\/uploads\/2025\/10\/3_NA_201025_platea-1024x683.jpg\" class=\"attachment-large size-large wp-image-3232\" alt=\"\" srcset=\"https:\/\/enaip.it\/wp-content\/uploads\/2025\/10\/3_NA_201025_platea-1024x683.jpg 1024w, https:\/\/enaip.it\/wp-content\/uploads\/2025\/10\/3_NA_201025_platea-300x200.jpg 300w, https:\/\/enaip.it\/wp-content\/uploads\/2025\/10\/3_NA_201025_platea-768x512.jpg 768w, https:\/\/enaip.it\/wp-content\/uploads\/2025\/10\/3_NA_201025_platea-1536x1024.jpg 1536w, https:\/\/enaip.it\/wp-content\/uploads\/2025\/10\/3_NA_201025_platea.jpg 2048w\" sizes=\"(max-width: 1024px) 100vw, 1024px\" \/>\t\t\t\t\t\t\t\t\t\t\t\t\t\t\t<\/div>\n\t\t\t\t<\/div>\n\t\t\t\t<\/div>\n\t\t<div class=\"elementor-element elementor-element-3553fb8 e-con-full e-flex e-con e-child\" data-id=\"3553fb8\" data-element_type=\"container\" data-e-type=\"container\">\n\t\t\t\t<div class=\"elementor-element elementor-element-44b2283 elementor-widget elementor-widget-heading\" data-id=\"44b2283\" data-element_type=\"widget\" data-e-type=\"widget\" data-widget_type=\"heading.default\">\n\t\t\t\t<div class=\"elementor-widget-container\">\n\t\t\t\t\t<h4 class=\"elementor-heading-title elementor-size-default\">Napoli, 20 ottobre 2025<\/h4>\t\t\t\t<\/div>\n\t\t\t\t<\/div>\n\t\t\t\t<div class=\"elementor-element elementor-element-e6b9d57 elementor-widget elementor-widget-text-editor\" data-id=\"e6b9d57\" data-element_type=\"widget\" data-e-type=\"widget\" data-widget_type=\"text-editor.default\">\n\t\t\t\t<div class=\"elementor-widget-container\">\n\t\t\t\t\t\t\t\t\t<p>ENAIP alla grande festa di FORMA per la Iefp e la consegna dei diplomi<\/p><p><a href=\"https:\/\/enaip.it\/?p=3194\"><strong>Leggi tutto<\/strong><\/a><\/p>\t\t\t\t\t\t\t\t<\/div>\n\t\t\t\t<\/div>\n\t\t\t\t<\/div>\n\t\t\t\t\t<\/div>\n\t\t\t\t<\/div>\n\t\t<div class=\"elementor-element elementor-element-aee7f18 e-flex e-con-boxed e-con e-parent\" data-id=\"aee7f18\" data-element_type=\"container\" data-e-type=\"container\">\n\t\t\t\t\t<div class=\"e-con-inner\">\n\t\t<div class=\"elementor-element elementor-element-255f03d e-con-full e-flex e-con e-child\" data-id=\"255f03d\" data-element_type=\"container\" data-e-type=\"container\">\n\t\t\t\t<div class=\"elementor-element elementor-element-3eee019 elementor-widget elementor-widget-image\" data-id=\"3eee019\" data-element_type=\"widget\" data-e-type=\"widget\" data-widget_type=\"image.default\">\n\t\t\t\t<div class=\"elementor-widget-container\">\n\t\t\t\t\t\t\t\t\t\t\t\t\t\t\t<img loading=\"lazy\" decoding=\"async\" width=\"1024\" height=\"768\" src=\"https:\/\/enaip.it\/wp-content\/uploads\/2025\/10\/SKEMA_oriz2_25-1024x768.jpeg\" class=\"attachment-large size-large wp-image-3200\" alt=\"\" srcset=\"https:\/\/enaip.it\/wp-content\/uploads\/2025\/10\/SKEMA_oriz2_25-1024x768.jpeg 1024w, https:\/\/enaip.it\/wp-content\/uploads\/2025\/10\/SKEMA_oriz2_25-300x225.jpeg 300w, https:\/\/enaip.it\/wp-content\/uploads\/2025\/10\/SKEMA_oriz2_25-768x576.jpeg 768w, https:\/\/enaip.it\/wp-content\/uploads\/2025\/10\/SKEMA_oriz2_25-1536x1152.jpeg 1536w, https:\/\/enaip.it\/wp-content\/uploads\/2025\/10\/SKEMA_oriz2_25.jpeg 1600w\" sizes=\"(max-width: 1024px) 100vw, 1024px\" \/>\t\t\t\t\t\t\t\t\t\t\t\t\t\t\t<\/div>\n\t\t\t\t<\/div>\n\t\t\t\t<\/div>\n\t\t<div class=\"elementor-element elementor-element-2ef950d e-con-full e-flex e-con e-child\" data-id=\"2ef950d\" data-element_type=\"container\" data-e-type=\"container\">\n\t\t\t\t<div class=\"elementor-element elementor-element-d8d161e elementor-widget elementor-widget-heading\" data-id=\"d8d161e\" data-element_type=\"widget\" data-e-type=\"widget\" data-widget_type=\"heading.default\">\n\t\t\t\t<div class=\"elementor-widget-container\">\n\t\t\t\t\t<h4 class=\"elementor-heading-title elementor-size-default\">Roma, 30 settembre e 1\u00b0 ottobre 2025<\/h4>\t\t\t\t<\/div>\n\t\t\t\t<\/div>\n\t\t\t\t<div class=\"elementor-element elementor-element-6414441 elementor-widget elementor-widget-text-editor\" data-id=\"6414441\" data-element_type=\"widget\" data-e-type=\"widget\" data-widget_type=\"text-editor.default\">\n\t\t\t\t<div class=\"elementor-widget-container\">\n\t\t\t\t\t\t\t\t\t<p>Al via il grande progetto europeo LIFE SKEMA<\/p><p><a href=\"https:\/\/enaip.it\/?p=3157\"><strong>Leggi tutto<\/strong><\/a><\/p>\t\t\t\t\t\t\t\t<\/div>\n\t\t\t\t<\/div>\n\t\t\t\t<\/div>\n\t\t\t\t\t<\/div>\n\t\t\t\t<\/div>\n\t\t<div class=\"elementor-element elementor-element-3a8428e e-flex e-con-boxed e-con e-parent\" data-id=\"3a8428e\" data-element_type=\"container\" data-e-type=\"container\">\n\t\t\t\t\t<div class=\"e-con-inner\">\n\t\t<div class=\"elementor-element elementor-element-c034c8a e-con-full e-flex e-con e-child\" data-id=\"c034c8a\" data-element_type=\"container\" data-e-type=\"container\">\n\t\t\t\t<div class=\"elementor-element elementor-element-41c1698 elementor-widget elementor-widget-image\" data-id=\"41c1698\" data-element_type=\"widget\" data-e-type=\"widget\" data-widget_type=\"image.default\">\n\t\t\t\t<div class=\"elementor-widget-container\">\n\t\t\t\t\t\t\t\t\t\t\t\t\t\t\t<img loading=\"lazy\" decoding=\"async\" width=\"736\" height=\"254\" src=\"https:\/\/enaip.it\/wp-content\/uploads\/2025\/06\/logo.jpg\" class=\"attachment-large size-large wp-image-2979\" alt=\"\" \/>\t\t\t\t\t\t\t\t\t\t\t\t\t\t\t<\/div>\n\t\t\t\t<\/div>\n\t\t\t\t<\/div>\n\t\t<div class=\"elementor-element elementor-element-a84573a e-con-full e-flex e-con e-child\" data-id=\"a84573a\" data-element_type=\"container\" data-e-type=\"container\">\n\t\t\t\t<div class=\"elementor-element elementor-element-1d18047 elementor-widget elementor-widget-heading\" data-id=\"1d18047\" data-element_type=\"widget\" data-e-type=\"widget\" data-widget_type=\"heading.default\">\n\t\t\t\t<div class=\"elementor-widget-container\">\n\t\t\t\t\t<h4 class=\"elementor-heading-title elementor-size-default\">Roma, 29 e 30 novembre, 01 dicembre 2024 <\/h4>\t\t\t\t<\/div>\n\t\t\t\t<\/div>\n\t\t\t\t<div class=\"elementor-element elementor-element-a9030a2 elementor-widget elementor-widget-text-editor\" data-id=\"a9030a2\" data-element_type=\"widget\" data-e-type=\"widget\" data-widget_type=\"text-editor.default\">\n\t\t\t\t<div class=\"elementor-widget-container\">\n\t\t\t\t\t\t\t\t\t<p>&#8220;Il coraggio della pace&#8221;.\u00a0 Al via il 27\u00b0 Congresso Nazionale delle Acli<\/p><p><strong>Leggi tutto<\/strong><\/p>\t\t\t\t\t\t\t\t<\/div>\n\t\t\t\t<\/div>\n\t\t\t\t<\/div>\n\t\t\t\t\t<\/div>\n\t\t\t\t<\/div>\n\t\t<div class=\"elementor-element elementor-element-4599e95 e-flex e-con-boxed e-con e-parent\" data-id=\"4599e95\" data-element_type=\"container\" data-e-type=\"container\">\n\t\t\t\t\t<div class=\"e-con-inner\">\n\t\t<div class=\"elementor-element elementor-element-1af3646 e-con-full e-flex e-con e-child\" data-id=\"1af3646\" data-element_type=\"container\" data-e-type=\"container\">\n\t\t\t\t<div class=\"elementor-element elementor-element-5adb5a0 elementor-widget elementor-widget-image\" data-id=\"5adb5a0\" data-element_type=\"widget\" data-e-type=\"widget\" data-widget_type=\"image.default\">\n\t\t\t\t<div class=\"elementor-widget-container\">\n\t\t\t\t\t\t\t\t\t\t\t\t\t\t\t<img loading=\"lazy\" decoding=\"async\" width=\"1024\" height=\"684\" src=\"https:\/\/enaip.it\/wp-content\/uploads\/2025\/06\/taglionastro4.jpg\" class=\"attachment-large size-large wp-image-2962\" alt=\"\" \/>\t\t\t\t\t\t\t\t\t\t\t\t\t\t\t<\/div>\n\t\t\t\t<\/div>\n\t\t\t\t<\/div>\n\t\t<div class=\"elementor-element elementor-element-f8d76f7 e-con-full e-flex e-con e-child\" data-id=\"f8d76f7\" data-element_type=\"container\" data-e-type=\"container\">\n\t\t\t\t<div class=\"elementor-element elementor-element-eb6e109 elementor-widget elementor-widget-heading\" data-id=\"eb6e109\" data-element_type=\"widget\" data-e-type=\"widget\" data-widget_type=\"heading.default\">\n\t\t\t\t<div class=\"elementor-widget-container\">\n\t\t\t\t\t<h4 class=\"elementor-heading-title elementor-size-default\">Sorbo Serpico (Avellino) 13 e 14 maggio 2024 <\/h4>\t\t\t\t<\/div>\n\t\t\t\t<\/div>\n\t\t\t\t<div class=\"elementor-element elementor-element-49edee7 elementor-widget elementor-widget-text-editor\" data-id=\"49edee7\" data-element_type=\"widget\" data-e-type=\"widget\" data-widget_type=\"text-editor.default\">\n\t\t\t\t<div class=\"elementor-widget-container\">\n\t\t\t\t\t\t\t\t\t<p>Prosegue la mission di ENAIP NAZIONALE nel rafforzare la Formazione professionale nelle regioni del Centro Sud Italia. Inaugurata la nuova sede formativa a Sorbo Serpico (Avellino) in collaborazione con ENAIP IS<\/p>\n<p><strong><a href=\"https:\/\/enaip.it\/?p=3005\">Leggi tutto<\/a><\/strong><\/p>\t\t\t\t\t\t\t\t<\/div>\n\t\t\t\t<\/div>\n\t\t\t\t<\/div>\n\t\t\t\t\t<\/div>\n\t\t\t\t<\/div>\n\t\t<div class=\"elementor-element elementor-element-fa97ab5 e-flex e-con-boxed e-con e-parent\" data-id=\"fa97ab5\" data-element_type=\"container\" data-e-type=\"container\">\n\t\t\t\t\t<div class=\"e-con-inner\">\n\t\t<div class=\"elementor-element elementor-element-71552ce e-con-full e-flex e-con e-child\" data-id=\"71552ce\" data-element_type=\"container\" data-e-type=\"container\">\n\t\t\t\t<div class=\"elementor-element elementor-element-f78aa0f elementor-widget elementor-widget-image\" data-id=\"f78aa0f\" data-element_type=\"widget\" data-e-type=\"widget\" data-widget_type=\"image.default\">\n\t\t\t\t<div class=\"elementor-widget-container\">\n\t\t\t\t\t\t\t\t\t\t\t\t\t\t\t<img loading=\"lazy\" decoding=\"async\" width=\"1024\" height=\"697\" src=\"https:\/\/enaip.it\/wp-content\/uploads\/2025\/04\/Papa-Francesco-news.jpg\" class=\"attachment-large size-large wp-image-2617\" alt=\"\" \/>\t\t\t\t\t\t\t\t\t\t\t\t\t\t\t<\/div>\n\t\t\t\t<\/div>\n\t\t\t\t<\/div>\n\t\t<div class=\"elementor-element elementor-element-ca93e69 e-con-full e-flex e-con e-child\" data-id=\"ca93e69\" data-element_type=\"container\" data-e-type=\"container\">\n\t\t\t\t<div class=\"elementor-element elementor-element-489d18e elementor-widget elementor-widget-heading\" data-id=\"489d18e\" data-element_type=\"widget\" data-e-type=\"widget\" data-widget_type=\"heading.default\">\n\t\t\t\t<div class=\"elementor-widget-container\">\n\t\t\t\t\t<h4 class=\"elementor-heading-title elementor-size-default\">Citt\u00e0 del Vaticano, 03 maggio 2024 <\/h4>\t\t\t\t<\/div>\n\t\t\t\t<\/div>\n\t\t\t\t<div class=\"elementor-element elementor-element-929b6c2 elementor-widget elementor-widget-text-editor\" data-id=\"929b6c2\" data-element_type=\"widget\" data-e-type=\"widget\" data-widget_type=\"text-editor.default\">\n\t\t\t\t<div class=\"elementor-widget-container\">\n\t\t\t\t\t\t\t\t\t<p>In 7 mila da tutta Italia per incontrare Papa Francesco in una udienza speciale dedicata al mondo della formazione professionale. Tanta emozione e tanta condivisione per una giornata speciale dedicata a tutti gli allieve e le allieve, alle famiglie e ai nostri docenti.<\/p><p><strong><a href=\"https:\/\/enaip.it\/?p=2907\">Leggi tutto<\/a><\/strong><\/p>\t\t\t\t\t\t\t\t<\/div>\n\t\t\t\t<\/div>\n\t\t\t\t<\/div>\n\t\t\t\t\t<\/div>\n\t\t\t\t<\/div>\n\t\t\t\t<\/div>\n\t\t","protected":false},"excerpt":{"rendered":"<p>Eventi Barcellona, 18-20 febbraio 2026 Si rinnova l&#8217;appuntamento annuale dell&#8217;importante seminario internazionale EZA in collaborazione con ACLI e la Federazione [&hellip;]<\/p>\n","protected":false},"author":2,"featured_media":0,"parent":0,"menu_order":0,"comment_status":"closed","ping_status":"closed","template":"elementor_header_footer","meta":{"site-sidebar-layout":"no-sidebar","site-content-layout":"","ast-site-content-layout":"full-width-container","site-content-style":"default","site-sidebar-style":"default","ast-global-header-display":"","ast-banner-title-visibility":"","ast-main-header-display":"","ast-hfb-above-header-display":"","ast-hfb-below-header-display":"","ast-hfb-mobile-header-display":"","site-post-title":"disabled","ast-breadcrumbs-content":"","ast-featured-img":"disabled","footer-sml-layout":"","ast-disable-related-posts":"","theme-transparent-header-meta":"","adv-header-id-meta":"","stick-header-meta":"","header-above-stick-meta":"","header-main-stick-meta":"","header-below-stick-meta":"","astra-migrate-meta-layouts":"default","ast-page-background-enabled":"default","ast-page-background-meta":{"desktop":{"background-color":"var(--ast-global-color-4)","background-image":"","background-repeat":"repeat","background-position":"center center","background-size":"auto","background-attachment":"scroll","background-type":"","background-media":"","overlay-type":"","overlay-color":"","overlay-opacity":"","overlay-gradient":""},"tablet":{"background-color":"","background-image":"","background-repeat":"repeat","background-position":"center center","background-size":"auto","background-attachment":"scroll","background-type":"","background-media":"","overlay-type":"","overlay-color":"","overlay-opacity":"","overlay-gradient":""},"mobile":{"background-color":"","background-image":"","background-repeat":"repeat","background-position":"center center","background-size":"auto","background-attachment":"scroll","background-type":"","background-media":"","overlay-type":"","overlay-color":"","overlay-opacity":"","overlay-gradient":""}},"ast-content-background-meta":{"desktop":{"background-color":"var(--ast-global-color-5)","background-image":"","background-repeat":"repeat","background-position":"center center","background-size":"auto","background-attachment":"scroll","background-type":"","background-media":"","overlay-type":"","overlay-color":"","overlay-opacity":"","overlay-gradient":""},"tablet":{"background-color":"var(--ast-global-color-5)","background-image":"","background-repeat":"repeat","background-position":"center center","background-size":"auto","background-attachment":"scroll","background-type":"","background-media":"","overlay-type":"","overlay-color":"","overlay-opacity":"","overlay-gradient":""},"mobile":{"background-color":"var(--ast-global-color-5)","background-image":"","background-repeat":"repeat","background-position":"center center","background-size":"auto","background-attachment":"scroll","background-type":"","background-media":"","overlay-type":"","overlay-color":"","overlay-opacity":"","overlay-gradient":""}},"footnotes":""},"class_list":["post-2960","page","type-page","status-publish","hentry"],"rttpg_featured_image_url":null,"rttpg_author":{"display_name":"Irene Bertucci","author_link":"https:\/\/enaip.it\/?author=2"},"rttpg_comment":0,"rttpg_category":null,"rttpg_excerpt":"Eventi Barcellona, 18-20 febbraio 2026 Si rinnova l&#8217;appuntamento annuale dell&#8217;importante seminario internazionale EZA in collaborazione con ACLI e la Federazione [&hellip;]","_links":{"self":[{"href":"https:\/\/enaip.it\/index.php?rest_route=\/wp\/v2\/pages\/2960","targetHints":{"allow":["GET"]}}],"collection":[{"href":"https:\/\/enaip.it\/index.php?rest_route=\/wp\/v2\/pages"}],"about":[{"href":"https:\/\/enaip.it\/index.php?rest_route=\/wp\/v2\/types\/page"}],"author":[{"embeddable":true,"href":"https:\/\/enaip.it\/index.php?rest_route=\/wp\/v2\/users\/2"}],"replies":[{"embeddable":true,"href":"https:\/\/enaip.it\/index.php?rest_route=%2Fwp%2Fv2%2Fcomments&post=2960"}],"version-history":[{"count":31,"href":"https:\/\/enaip.it\/index.php?rest_route=\/wp\/v2\/pages\/2960\/revisions"}],"predecessor-version":[{"id":3449,"href":"https:\/\/enaip.it\/index.php?rest_route=\/wp\/v2\/pages\/2960\/revisions\/3449"}],"wp:attachment":[{"href":"https:\/\/enaip.it\/index.php?rest_route=%2Fwp%2Fv2%2Fmedia&parent=2960"}],"curies":[{"name":"wp","href":"https:\/\/api.w.org\/{rel}","templated":true}]}}