{"id":2145,"date":"2024-12-05T17:12:35","date_gmt":"2024-12-05T16:12:35","guid":{"rendered":"https:\/\/enaip.it\/?page_id=2145"},"modified":"2024-12-09T17:58:42","modified_gmt":"2024-12-09T16:58:42","slug":"mission-e-valori","status":"publish","type":"page","link":"https:\/\/enaip.it\/?page_id=2145","title":{"rendered":"Mission e Valori"},"content":{"rendered":"\t\t<div data-elementor-type=\"wp-page\" data-elementor-id=\"2145\" class=\"elementor elementor-2145\">\n\t\t\t\t<div class=\"elementor-element elementor-element-e479a2d e-con-full e-flex e-con e-parent\" data-id=\"e479a2d\" data-element_type=\"container\" data-e-type=\"container\" data-settings=\"{&quot;background_background&quot;:&quot;classic&quot;}\">\n\t\t<div class=\"elementor-element elementor-element-cfde0e3 e-con-full e-flex e-con e-child\" data-id=\"cfde0e3\" data-element_type=\"container\" data-e-type=\"container\">\n\t\t\t\t<div class=\"elementor-element elementor-element-aeff217 elementor-widget-mobile__width-initial elementor-widget elementor-widget-heading\" data-id=\"aeff217\" data-element_type=\"widget\" data-e-type=\"widget\" data-widget_type=\"heading.default\">\n\t\t\t\t<div class=\"elementor-widget-container\">\n\t\t\t\t\t<h4 class=\"elementor-heading-title elementor-size-default\">Mission\ne \nvalori<\/h4>\t\t\t\t<\/div>\n\t\t\t\t<\/div>\n\t\t\t\t<\/div>\n\t\t\t\t<\/div>\n\t\t<div class=\"elementor-element elementor-element-409fc91 e-flex e-con-boxed e-con e-parent\" data-id=\"409fc91\" data-element_type=\"container\" data-e-type=\"container\">\n\t\t\t\t\t<div class=\"e-con-inner\">\n\t\t\t\t<div class=\"elementor-element elementor-element-7906b13 elementor-widget elementor-widget-spacer\" data-id=\"7906b13\" data-element_type=\"widget\" data-e-type=\"widget\" data-widget_type=\"spacer.default\">\n\t\t\t\t<div class=\"elementor-widget-container\">\n\t\t\t\t\t\t\t<div class=\"elementor-spacer\">\n\t\t\t<div class=\"elementor-spacer-inner\"><\/div>\n\t\t<\/div>\n\t\t\t\t\t\t<\/div>\n\t\t\t\t<\/div>\n\t\t\t\t\t<\/div>\n\t\t\t\t<\/div>\n\t\t<div class=\"elementor-element elementor-element-49e5d18 e-flex e-con-boxed e-con e-parent\" data-id=\"49e5d18\" data-element_type=\"container\" data-e-type=\"container\">\n\t\t\t\t\t<div class=\"e-con-inner\">\n\t\t\t\t<div class=\"elementor-element elementor-element-b52f3b2 elementor-widget elementor-widget-text-editor\" data-id=\"b52f3b2\" data-element_type=\"widget\" data-e-type=\"widget\" data-widget_type=\"text-editor.default\">\n\t\t\t\t<div class=\"elementor-widget-container\">\n\t\t\t\t\t\t\t\t\t<p>ENAIP NAZIONALE Impresa Sociale \u00e8 promosso dalle ACLI (Associazioni Cristiane Lavoratori Italiani) e opera in conformit\u00e0 agli indirizzi generali dell\u2019Associazione promotrice e ai suoi principi ispiratori mettendo al centro della propria mission la formazione integrale della persona. (LINK A NOI E LE ACLI)<\/p><p>Il sistema ENAIP \u00e8 da sempre un soggetto dinamico e attivo nel processo di costruzione di una societ\u00e0 democratica, fondata sui valori della solidariet\u00e0, dell\u2019eguaglianza e della giustizia sociale. Ci adoperiamo per contribuire a diffondere i principi dell\u2019apprendimento inclusivo, l\u2019emancipazione personale, la piena partecipazione civica, sociale ed economica di ciascun individuo nella societ\u00e0.<\/p><p>ENAIP NAZIONALE, insieme all\u2019intero sistema degli ENAIP che operano sul territorio, mette al centro della propria mission:<\/p><ul class=\"wp-block-list\"><li>l\u2019utilit\u00e0 sociale della formazione come agente di sviluppo sostenibile degli ecosistemi territoriali;<\/li><li>la formazione come strumento cardine della giustizia sociale;<\/li><li>la cittadinanza attiva, la democrazia, l\u2019interculturalit\u00e0, combattendo tutte le forme di discriminazione;<\/li><li>l\u2019apprendimento per lo sviluppo e l\u2019anticipazione delle competenze, favorendo le transizioni lavorative e la validazione delle competenze e delle conoscenze acquisite attraverso l\u2019apprendimento non formale e informale all\u2019interno della societ\u00e0 e nei luoghi di lavoro;<\/li><li>l\u2019apprendimento permanente a favore della partecipazione anche di coloro che sono lontani dall\u2019istruzione e formazione, quali i giovani in dispersione, i NEET, i disoccupati, i lavoratori le cui competenze sono a rischio di deterioramento;<\/li><li>la dimensione internazionale dell\u2019apprendimento, rafforzando gli strumenti di cooperazione per lo sviluppo;<\/li><li>la formazione quale strumento di competitivit\u00e0 del sistema produttivo anche in un\u2019ottica di responsabilit\u00e0 sociale di territorio<\/li><\/ul>\t\t\t\t\t\t\t\t<\/div>\n\t\t\t\t<\/div>\n\t\t\t\t\t<\/div>\n\t\t\t\t<\/div>\n\t\t<div class=\"elementor-element elementor-element-a33f72d e-flex e-con-boxed e-con e-parent\" data-id=\"a33f72d\" data-element_type=\"container\" data-e-type=\"container\">\n\t\t\t\t\t<div class=\"e-con-inner\">\n\t\t<div class=\"elementor-element elementor-element-d080558 e-con-full e-flex e-con e-child\" data-id=\"d080558\" data-element_type=\"container\" data-e-type=\"container\">\n\t\t\t\t<div class=\"elementor-element elementor-element-40fad26 elementor-align-center elementor-widget elementor-widget-button\" data-id=\"40fad26\" data-element_type=\"widget\" data-e-type=\"widget\" data-widget_type=\"button.default\">\n\t\t\t\t<div class=\"elementor-widget-container\">\n\t\t\t\t\t\t\t\t\t<div class=\"elementor-button-wrapper\">\n\t\t\t\t\t<a class=\"elementor-button elementor-button-link elementor-size-sm\" href=\"http:\/\/enaip.it\/?page_id=1616\">\n\t\t\t\t\t\t<span class=\"elementor-button-content-wrapper\">\n\t\t\t\t\t\t\t\t\t<span class=\"elementor-button-text\">il nostro modello formativo<\/span>\n\t\t\t\t\t<\/span>\n\t\t\t\t\t<\/a>\n\t\t\t\t<\/div>\n\t\t\t\t\t\t\t\t<\/div>\n\t\t\t\t<\/div>\n\t\t\t\t<\/div>\n\t\t<div class=\"elementor-element elementor-element-1fc10ed e-con-full e-flex e-con e-child\" data-id=\"1fc10ed\" data-element_type=\"container\" data-e-type=\"container\">\n\t\t\t\t<div class=\"elementor-element elementor-element-089f1cd elementor-align-center elementor-widget elementor-widget-button\" data-id=\"089f1cd\" data-element_type=\"widget\" data-e-type=\"widget\" data-widget_type=\"button.default\">\n\t\t\t\t<div class=\"elementor-widget-container\">\n\t\t\t\t\t\t\t\t\t<div class=\"elementor-button-wrapper\">\n\t\t\t\t\t<a class=\"elementor-button elementor-button-link elementor-size-sm\" href=\"http:\/\/enaip.it\/?page_id=1276\">\n\t\t\t\t\t\t<span class=\"elementor-button-content-wrapper\">\n\t\t\t\t\t\t\t\t\t<span class=\"elementor-button-text\">ENAIP NAZIONALE: ruolo e funzioni<\/span>\n\t\t\t\t\t<\/span>\n\t\t\t\t\t<\/a>\n\t\t\t\t<\/div>\n\t\t\t\t\t\t\t\t<\/div>\n\t\t\t\t<\/div>\n\t\t\t\t<\/div>\n\t\t<div class=\"elementor-element elementor-element-c3e38e4 e-con-full e-flex e-con e-child\" data-id=\"c3e38e4\" data-element_type=\"container\" data-e-type=\"container\">\n\t\t\t\t<div class=\"elementor-element elementor-element-8f998f4 elementor-align-center elementor-widget elementor-widget-button\" data-id=\"8f998f4\" data-element_type=\"widget\" data-e-type=\"widget\" data-widget_type=\"button.default\">\n\t\t\t\t<div class=\"elementor-widget-container\">\n\t\t\t\t\t\t\t\t\t<div class=\"elementor-button-wrapper\">\n\t\t\t\t\t<a class=\"elementor-button elementor-button-link elementor-size-sm\" href=\"http:\/\/enaip.it\/?page_id=1964\">\n\t\t\t\t\t\t<span class=\"elementor-button-content-wrapper\">\n\t\t\t\t\t\t\t\t\t<span class=\"elementor-button-text\">cerca ENAIP nella tua regione<\/span>\n\t\t\t\t\t<\/span>\n\t\t\t\t\t<\/a>\n\t\t\t\t<\/div>\n\t\t\t\t\t\t\t\t<\/div>\n\t\t\t\t<\/div>\n\t\t\t\t<\/div>\n\t\t\t\t\t<\/div>\n\t\t\t\t<\/div>\n\t\t\t\t<\/div>\n\t\t","protected":false},"excerpt":{"rendered":"<p>Mission e valori ENAIP NAZIONALE Impresa Sociale \u00e8 promosso dalle ACLI (Associazioni Cristiane Lavoratori Italiani) e opera in conformit\u00e0 agli [&hellip;]<\/p>\n","protected":false},"author":2,"featured_media":0,"parent":0,"menu_order":0,"comment_status":"closed","ping_status":"closed","template":"","meta":{"site-sidebar-layout":"no-sidebar","site-content-layout":"","ast-site-content-layout":"full-width-container","site-content-style":"default","site-sidebar-style":"default","ast-global-header-display":"","ast-banner-title-visibility":"","ast-main-header-display":"","ast-hfb-above-header-display":"","ast-hfb-below-header-display":"","ast-hfb-mobile-header-display":"","site-post-title":"disabled","ast-breadcrumbs-content":"","ast-featured-img":"disabled","footer-sml-layout":"","theme-transparent-header-meta":"","adv-header-id-meta":"","stick-header-meta":"","header-above-stick-meta":"","header-main-stick-meta":"","header-below-stick-meta":"","astra-migrate-meta-layouts":"default","ast-page-background-enabled":"default","ast-page-background-meta":{"desktop":{"background-color":"var(--ast-global-color-4)","background-image":"","background-repeat":"repeat","background-position":"center center","background-size":"auto","background-attachment":"scroll","background-type":"","background-media":"","overlay-type":"","overlay-color":"","overlay-opacity":"","overlay-gradient":""},"tablet":{"background-color":"","background-image":"","background-repeat":"repeat","background-position":"center center","background-size":"auto","background-attachment":"scroll","background-type":"","background-media":"","overlay-type":"","overlay-color":"","overlay-opacity":"","overlay-gradient":""},"mobile":{"background-color":"","background-image":"","background-repeat":"repeat","background-position":"center center","background-size":"auto","background-attachment":"scroll","background-type":"","background-media":"","overlay-type":"","overlay-color":"","overlay-opacity":"","overlay-gradient":""}},"ast-content-background-meta":{"desktop":{"background-color":"var(--ast-global-color-5)","background-image":"","background-repeat":"repeat","background-position":"center center","background-size":"auto","background-attachment":"scroll","background-type":"","background-media":"","overlay-type":"","overlay-color":"","overlay-opacity":"","overlay-gradient":""},"tablet":{"background-color":"var(--ast-global-color-5)","background-image":"","background-repeat":"repeat","background-position":"center center","background-size":"auto","background-attachment":"scroll","background-type":"","background-media":"","overlay-type":"","overlay-color":"","overlay-opacity":"","overlay-gradient":""},"mobile":{"background-color":"var(--ast-global-color-5)","background-image":"","background-repeat":"repeat","background-position":"center center","background-size":"auto","background-attachment":"scroll","background-type":"","background-media":"","overlay-type":"","overlay-color":"","overlay-opacity":"","overlay-gradient":""}},"footnotes":""},"class_list":["post-2145","page","type-page","status-publish","hentry"],"rttpg_featured_image_url":null,"rttpg_author":{"display_name":"Irene Bertucci","author_link":"https:\/\/enaip.it\/?author=2"},"rttpg_comment":0,"rttpg_category":null,"rttpg_excerpt":"Mission e valori ENAIP NAZIONALE Impresa Sociale \u00e8 promosso dalle ACLI (Associazioni Cristiane Lavoratori Italiani) e opera in conformit\u00e0 agli [&hellip;]","_links":{"self":[{"href":"https:\/\/enaip.it\/index.php?rest_route=\/wp\/v2\/pages\/2145","targetHints":{"allow":["GET"]}}],"collection":[{"href":"https:\/\/enaip.it\/index.php?rest_route=\/wp\/v2\/pages"}],"about":[{"href":"https:\/\/enaip.it\/index.php?rest_route=\/wp\/v2\/types\/page"}],"author":[{"embeddable":true,"href":"https:\/\/enaip.it\/index.php?rest_route=\/wp\/v2\/users\/2"}],"replies":[{"embeddable":true,"href":"https:\/\/enaip.it\/index.php?rest_route=%2Fwp%2Fv2%2Fcomments&post=2145"}],"version-history":[{"count":26,"href":"https:\/\/enaip.it\/index.php?rest_route=\/wp\/v2\/pages\/2145\/revisions"}],"predecessor-version":[{"id":2389,"href":"https:\/\/enaip.it\/index.php?rest_route=\/wp\/v2\/pages\/2145\/revisions\/2389"}],"wp:attachment":[{"href":"https:\/\/enaip.it\/index.php?rest_route=%2Fwp%2Fv2%2Fmedia&parent=2145"}],"curies":[{"name":"wp","href":"https:\/\/api.w.org\/{rel}","templated":true}]}}