{"id":2,"date":"2024-11-23T09:59:03","date_gmt":"2024-11-23T08:59:03","guid":{"rendered":"http:\/\/enaip.it\/?page_id=2"},"modified":"2026-03-24T11:24:24","modified_gmt":"2026-03-24T10:24:24","slug":"storia-di-enaip","status":"publish","type":"page","link":"https:\/\/enaip.it\/?page_id=2","title":{"rendered":"La nostra storia"},"content":{"rendered":"\t\t<div data-elementor-type=\"wp-page\" data-elementor-id=\"2\" class=\"elementor elementor-2\">\n\t\t\t\t<div class=\"elementor-element elementor-element-2567e30 e-flex e-con-boxed e-con e-parent\" data-id=\"2567e30\" data-element_type=\"container\" data-e-type=\"container\">\n\t\t\t\t\t<div class=\"e-con-inner\">\n\t\t\t\t<div class=\"elementor-element elementor-element-8e41d04 elementor-widget elementor-widget-heading\" data-id=\"8e41d04\" data-element_type=\"widget\" data-e-type=\"widget\" data-widget_type=\"heading.default\">\n\t\t\t\t<div class=\"elementor-widget-container\">\n\t\t\t\t\t<h2 class=\"elementor-heading-title elementor-size-default\">Una storia lunga pi\u00f9 di 80 anni, che intreccia quella delle Acli e ha fatto la storia del nostro Paese<\/h2>\t\t\t\t<\/div>\n\t\t\t\t<\/div>\n\t\t\t\t\t<\/div>\n\t\t\t\t<\/div>\n\t\t<div class=\"elementor-element elementor-element-2d75187 e-flex e-con-boxed e-con e-parent\" data-id=\"2d75187\" data-element_type=\"container\" data-e-type=\"container\">\n\t\t\t\t\t<div class=\"e-con-inner\">\n\t\t<div class=\"elementor-element elementor-element-b99a872 e-con-full e-flex e-con e-child\" data-id=\"b99a872\" data-element_type=\"container\" data-e-type=\"container\">\n\t\t\t\t<div class=\"elementor-element elementor-element-6753ebc elementor-widget elementor-widget-text-editor\" data-id=\"6753ebc\" data-element_type=\"widget\" data-e-type=\"widget\" data-widget_type=\"text-editor.default\">\n\t\t\t\t<div class=\"elementor-widget-container\">\n\t\t\t\t\t\t\t\t\t<p>ENAIP nasce dal basso. Sono le Acli che gi\u00e0 dal 1944, cio\u00e8 fin dalla loro fondazione a ridosso del dopoguerra, intuiscono la necessit\u00e0 di organizzare la preparazione dei giovani e degli adulti che dovevano ricostruire il Paese.\u00a0<\/p><p>L&#8217;Italia era uscita dalla guerra completamente devastata. Occorreva ricostruire tutto: ponti, strade, scuole, edifici, ospedali e si faceva sempre pi\u00f9 urgente il bisogno di preparare adeguatamente la manodopera che serviva a risollevare il Paese. Ma non solo: occorreva istruire uomini, donne, adulti e giovani, contrastare a tutti i costi l&#8217;analfabetismo diffuso, per contribuire fattivamente a far rinascere l&#8217;Italia e traghettarla verso una nuova epoca di pace e stabilit\u00e0 sociale ed economica.\u00a0<\/p>\t\t\t\t\t\t\t\t<\/div>\n\t\t\t\t<\/div>\n\t\t\t\t<\/div>\n\t\t\t\t<div class=\"elementor-element elementor-element-92aa2da elementor-widget elementor-widget-image\" data-id=\"92aa2da\" data-element_type=\"widget\" data-e-type=\"widget\" data-widget_type=\"image.default\">\n\t\t\t\t<div class=\"elementor-widget-container\">\n\t\t\t\t\t\t\t\t\t\t\t\t\t\t\t<img fetchpriority=\"high\" decoding=\"async\" width=\"505\" height=\"367\" src=\"https:\/\/enaip.it\/wp-content\/uploads\/2024\/11\/nascitaAcli.jpg\" class=\"attachment-large size-large wp-image-1574\" alt=\"\" \/>\t\t\t\t\t\t\t\t\t\t\t\t\t\t\t<\/div>\n\t\t\t\t<\/div>\n\t\t\t\t\t<\/div>\n\t\t\t\t<\/div>\n\t\t<div class=\"elementor-element elementor-element-ae70f0d e-flex e-con-boxed e-con e-parent\" data-id=\"ae70f0d\" data-element_type=\"container\" data-e-type=\"container\">\n\t\t\t\t\t<div class=\"e-con-inner\">\n\t\t\t\t<div class=\"elementor-element elementor-element-58803aa elementor-widget elementor-widget-text-editor\" data-id=\"58803aa\" data-element_type=\"widget\" data-e-type=\"widget\" data-widget_type=\"text-editor.default\">\n\t\t\t\t<div class=\"elementor-widget-container\">\n\t\t\t\t\t\t\t\t\t<p>Il lavoro, il &#8220;buon lavoro&#8221;, fatto bene e in sicurezza, era lo strumento &#8211; diremmo oggi sociale e politico &#8211; da mettere al centro della ricostruzione.\u00a0La sensibilit\u00e0 sociale del movimento aclista intu\u00ec che bisognava affrontare alle radici il problema di come preparare i lavoratori del presente e del futuro: la formazione professionale di giovani e adulti era la chiave su cui investire.\u00a0<\/p><p><span style=\"font-style: inherit; font-weight: inherit;\">Nel 1947 erano molte e diversificate le attivit\u00e0 di istruzione professionale presenti da Nord a Sud e nate, in modo pi\u00f9 o meno spontaneo, all&#8217;interno dei primi circoli acli. L&#8217;attivit\u00e0 cresceva in modo cos\u00ec esponenziale che andava coordinata meglio, con programmi formativi e personale docente, ed \u00e8 sulla scorta di questa esigenza che nasce a Roma, nei locali delle Acli nazionali, l&#8217;Ufficio centrale di\u00a0istruzione professionale che poi, nel 1949, si trasforma in\u00a0 Centro Nazionale Acli Istruzione Professionale (CNAIP).\u00a0<\/span><\/p><p><span style=\"font-style: inherit; font-weight: inherit;\">Due anni dopo, nel 1951, le Acli decidono di dar vita ad un apposito organismo, denominato Ente Nazionale Acli Istruzione Professionale ( ENAIP ) e stabiliscono, da Statuto, che la formazione professionale delle forze di lavoro giovani e adulti deve riguardare tutti i settori dell&#8217; attivit\u00e0 produttiva e che al centro dei programmi formativi deve esserci la promozione morale, culturale e civile dei lavoratori nel quadro di un programma di educazione permanente.<\/span><\/p>\t\t\t\t\t\t\t\t<\/div>\n\t\t\t\t<\/div>\n\t\t\t\t\t<\/div>\n\t\t\t\t<\/div>\n\t\t<div class=\"elementor-element elementor-element-d59da24 e-flex e-con-boxed e-con e-parent\" data-id=\"d59da24\" data-element_type=\"container\" data-e-type=\"container\">\n\t\t\t\t\t<div class=\"e-con-inner\">\n\t\t<div class=\"elementor-element elementor-element-f477164 e-con-full e-flex e-con e-child\" data-id=\"f477164\" data-element_type=\"container\" data-e-type=\"container\">\n\t\t\t\t<div class=\"elementor-element elementor-element-5a3e20b elementor-widget elementor-widget-image\" data-id=\"5a3e20b\" data-element_type=\"widget\" data-e-type=\"widget\" data-widget_type=\"image.default\">\n\t\t\t\t<div class=\"elementor-widget-container\">\n\t\t\t\t\t\t\t\t\t\t\t\t\t\t\t<img decoding=\"async\" width=\"1024\" height=\"719\" src=\"https:\/\/enaip.it\/wp-content\/uploads\/2026\/03\/Storia-ENAIP-ER-6-1024x719.jpg\" class=\"attachment-large size-large wp-image-3505\" alt=\"\" srcset=\"https:\/\/enaip.it\/wp-content\/uploads\/2026\/03\/Storia-ENAIP-ER-6-1024x719.jpg 1024w, https:\/\/enaip.it\/wp-content\/uploads\/2026\/03\/Storia-ENAIP-ER-6-300x211.jpg 300w, https:\/\/enaip.it\/wp-content\/uploads\/2026\/03\/Storia-ENAIP-ER-6-768x539.jpg 768w, https:\/\/enaip.it\/wp-content\/uploads\/2026\/03\/Storia-ENAIP-ER-6-1536x1079.jpg 1536w, https:\/\/enaip.it\/wp-content\/uploads\/2026\/03\/Storia-ENAIP-ER-6-2048x1438.jpg 2048w\" sizes=\"(max-width: 1024px) 100vw, 1024px\" \/>\t\t\t\t\t\t\t\t\t\t\t\t\t\t\t<\/div>\n\t\t\t\t<\/div>\n\t\t\t\t<\/div>\n\t\t<div class=\"elementor-element elementor-element-1ffdf5f e-con-full e-flex e-con e-child\" data-id=\"1ffdf5f\" data-element_type=\"container\" data-e-type=\"container\">\n\t\t\t\t<div class=\"elementor-element elementor-element-8ec52bc elementor-widget elementor-widget-image\" data-id=\"8ec52bc\" data-element_type=\"widget\" data-e-type=\"widget\" data-widget_type=\"image.default\">\n\t\t\t\t<div class=\"elementor-widget-container\">\n\t\t\t\t\t\t\t\t\t\t\t\t\t\t\t<img decoding=\"async\" width=\"1000\" height=\"667\" src=\"https:\/\/enaip.it\/wp-content\/uploads\/2026\/03\/enaip_veneto_cittadella_inaugurazione1956.jpg\" class=\"attachment-large size-large wp-image-3510\" alt=\"\" srcset=\"https:\/\/enaip.it\/wp-content\/uploads\/2026\/03\/enaip_veneto_cittadella_inaugurazione1956.jpg 1000w, https:\/\/enaip.it\/wp-content\/uploads\/2026\/03\/enaip_veneto_cittadella_inaugurazione1956-300x200.jpg 300w, https:\/\/enaip.it\/wp-content\/uploads\/2026\/03\/enaip_veneto_cittadella_inaugurazione1956-768x512.jpg 768w\" sizes=\"(max-width: 1000px) 100vw, 1000px\" \/>\t\t\t\t\t\t\t\t\t\t\t\t\t\t\t<\/div>\n\t\t\t\t<\/div>\n\t\t\t\t<\/div>\n\t\t\t\t\t<\/div>\n\t\t\t\t<\/div>\n\t\t<div class=\"elementor-element elementor-element-bb5abec e-flex e-con-boxed e-con e-parent\" data-id=\"bb5abec\" data-element_type=\"container\" data-e-type=\"container\">\n\t\t\t\t\t<div class=\"e-con-inner\">\n\t\t\t\t<div class=\"elementor-element elementor-element-96f1658 elementor-widget elementor-widget-text-editor\" data-id=\"96f1658\" data-element_type=\"widget\" data-e-type=\"widget\" data-widget_type=\"text-editor.default\">\n\t\t\t\t<div class=\"elementor-widget-container\">\n\t\t\t\t\t\t\t\t\t<h4>Cronologia della storia di ENAIP: dagli albori agli anni sessanta<\/h4><p><strong>1946 &#8211;\u00a0<\/strong>Agli albori del movimento aclista, in un incontro della presidenza nazionale, Luigi Palma presenta ai dirigenti un opuscolo dal titolo \u201c<em>L\u2019Istruzione Professionale<\/em>\u201d. Nello stesso anno, si avviano i primi corsi organizzati dai circoli Acli o dai nuclei aziendali.<\/p><p><strong>1947<\/strong>\u00a0\u2013 Viene istituito l\u2019Ufficio Centrale Istruzione Professionale, con il compito di coordinare, sul piano nazionale, le iniziative che gradualmente stanno sorgendo nelle varie province.<\/p><p><strong>1949<\/strong>\u00a0\u2013 Crescono le attivit\u00e0 formative delle Acli: in questo anno si contano 481 corsi e 16.000 allievi.<\/p><p><strong>1949 \u2013\u00a0<\/strong>Il 7 aprile le Acli costituiscono il CNAIP (Centro Nazionale ACLI Istruzione Professionale), allo scopo di coordinare tutte le attivit\u00e0 svolte nel settore dell\u2019Istruzione professionale.<\/p><p><strong>1949<\/strong>\u00a0\u2013 Il 31 agosto, le Acli organizzano a Roma il primo Convegno Nazionale sull\u2019istruzione professionale. Due anni dopo, a luglio 1951, si svolge il secondo Convegno.<\/p><p><strong>1951\u00a0<\/strong>\u2013 Il 16 novembre si costituisce ENAIP (Ente Nazionale Acli Istruzione Professionale).<\/p><p><strong>1955\u00a0<\/strong>\u2013 Con il V\u00b0 Congresso Nazionale delle Acli, inizia una sistematica presentazione dei risultati e delle linee di lavoro elaborate da ENAIP. Nei Congressi successivi, si documenter\u00e0 la progressiva espansione dell\u2019Ente in particolare nei settori dell\u2019industria e dei servizi, e l\u2019affermarsi di una vasta e articolata rete di centri di addestramento professionale.<\/p><p><strong>1961\u00a0<\/strong>\u2013 Il 5 aprile, ENAIP ottiene il riconoscimento della personalit\u00e0 giuridica con Decreto del Presidente della Repubblica. L\u2019anno successivo si costituisce il Consiglio di Amministrazione e il 17 ottobre si inaugura la nuova sede centrale a Roma in Via dei Prefetti n. 46.<\/p><p><strong>1961\u00a0<\/strong>\u2013 Esce il primo \u201cNotiziario ENAIP\u201d, un bollettino di carattere interno per la formazione e l\u2019aggiornamento dei dirigenti e dei responsabili provinciali dell\u2019Ente.<\/p>\t\t\t\t\t\t\t\t<\/div>\n\t\t\t\t<\/div>\n\t\t\t\t\t<\/div>\n\t\t\t\t<\/div>\n\t\t<div class=\"elementor-element elementor-element-2b20b20 e-flex e-con-boxed e-con e-parent\" data-id=\"2b20b20\" data-element_type=\"container\" data-e-type=\"container\">\n\t\t\t\t\t<div class=\"e-con-inner\">\n\t\t<div class=\"elementor-element elementor-element-7558b8b e-con-full e-flex e-con e-child\" data-id=\"7558b8b\" data-element_type=\"container\" data-e-type=\"container\">\n\t\t\t\t<div class=\"elementor-element elementor-element-db7cfe5 elementor-widget elementor-widget-image\" data-id=\"db7cfe5\" data-element_type=\"widget\" data-e-type=\"widget\" data-widget_type=\"image.default\">\n\t\t\t\t<div class=\"elementor-widget-container\">\n\t\t\t\t\t\t\t\t\t\t\t\t\t\t\t<img loading=\"lazy\" decoding=\"async\" width=\"519\" height=\"361\" src=\"https:\/\/enaip.it\/wp-content\/uploads\/2026\/03\/Emigrazione.jpg\" class=\"attachment-large size-large wp-image-3498\" alt=\"\" srcset=\"https:\/\/enaip.it\/wp-content\/uploads\/2026\/03\/Emigrazione.jpg 519w, https:\/\/enaip.it\/wp-content\/uploads\/2026\/03\/Emigrazione-300x209.jpg 300w\" sizes=\"(max-width: 519px) 100vw, 519px\" \/>\t\t\t\t\t\t\t\t\t\t\t\t\t\t\t<\/div>\n\t\t\t\t<\/div>\n\t\t\t\t<\/div>\n\t\t<div class=\"elementor-element elementor-element-11ed536 e-con-full e-flex e-con e-child\" data-id=\"11ed536\" data-element_type=\"container\" data-e-type=\"container\">\n\t\t\t\t<div class=\"elementor-element elementor-element-c7bde7c elementor-widget elementor-widget-image\" data-id=\"c7bde7c\" data-element_type=\"widget\" data-e-type=\"widget\" data-widget_type=\"image.default\">\n\t\t\t\t<div class=\"elementor-widget-container\">\n\t\t\t\t\t\t\t\t\t\t\t\t\t\t\t<img loading=\"lazy\" decoding=\"async\" width=\"686\" height=\"386\" src=\"https:\/\/enaip.it\/wp-content\/uploads\/2026\/03\/Acli-storia2.jpeg\" class=\"attachment-large size-large wp-image-3501\" alt=\"\" srcset=\"https:\/\/enaip.it\/wp-content\/uploads\/2026\/03\/Acli-storia2.jpeg 686w, https:\/\/enaip.it\/wp-content\/uploads\/2026\/03\/Acli-storia2-300x169.jpeg 300w\" sizes=\"(max-width: 686px) 100vw, 686px\" \/>\t\t\t\t\t\t\t\t\t\t\t\t\t\t\t<\/div>\n\t\t\t\t<\/div>\n\t\t\t\t<\/div>\n\t\t\t\t\t<\/div>\n\t\t\t\t<\/div>\n\t\t<div class=\"elementor-element elementor-element-adf583f e-flex e-con-boxed e-con e-parent\" data-id=\"adf583f\" data-element_type=\"container\" data-e-type=\"container\">\n\t\t\t\t\t<div class=\"e-con-inner\">\n\t\t\t\t<div class=\"elementor-element elementor-element-09ab6bf elementor-widget elementor-widget-text-editor\" data-id=\"09ab6bf\" data-element_type=\"widget\" data-e-type=\"widget\" data-widget_type=\"text-editor.default\">\n\t\t\t\t<div class=\"elementor-widget-container\">\n\t\t\t\t\t\t\t\t\t<h4 style=\"font-size: 1.41176rem; font-style: normal;\">ENAIP dagli anni settanta agli anni ottanta<\/h4><p><strong style=\"font-style: inherit;\">1971<\/strong><span style=\"font-style: inherit; font-weight: inherit;\"> \u2013 ENAIP conta 182 centri di formazione in Italia e all\u2019estero e pi\u00f9 di 91.000 allievi, tra giovani e adulti. In Germania, Svizzera e Belgio le sedi erogano servizi di qualificazione professionale per gli emigrati italiani e per facilitare il loro inserimento nel Paese ospitante.<\/span><\/p><p><strong>1972<\/strong> \u2013Il 5 gennaio viene firmato il decreto presidenziale con cui si trasferiscono alle Regioni a statuto ordinario le funzioni statali in materia di formazione professionale. Le Regioni assumono nuove e ampie responsabilit\u00e0 nel settore.<\/p><p><strong>1976<\/strong> \u2013 A novembre, il Comitato Esecutivo Nazionale delle ACLI elabora il documento \u201cLa riforma della formazione professionale nella prospettiva della piena occupazione di un nuovo sistema formativo\u201d.<\/p><p><strong>1978 \u2013<\/strong> ENAIP partecipa attivamente alla definizione della legge-quadro della formazione professionale (Legge 845 del 1978).<\/p><p><strong>1979<\/strong> \u2013 La Presidenza Nazionale delle ACLI a maggio approva un modello di statuto per la costituzione degli EnAIP regionali.<\/p>\t\t\t\t\t\t\t\t<\/div>\n\t\t\t\t<\/div>\n\t\t\t\t\t<\/div>\n\t\t\t\t<\/div>\n\t\t<div class=\"elementor-element elementor-element-ee3004a e-grid e-con-boxed e-con e-parent\" data-id=\"ee3004a\" data-element_type=\"container\" data-e-type=\"container\">\n\t\t\t\t\t<div class=\"e-con-inner\">\n\t\t\t\t<div class=\"elementor-element elementor-element-c9a1fff elementor-widget elementor-widget-heading\" data-id=\"c9a1fff\" data-element_type=\"widget\" data-e-type=\"widget\" data-widget_type=\"heading.default\">\n\t\t\t\t<div class=\"elementor-widget-container\">\n\t\t\t\t\t<h6 class=\"elementor-heading-title elementor-size-default\">Una storia lunga, quella di ENAIP, che intreccia quella delle Acli da cui deriviamo e che racconta la vita degli uomini e delle donne che hanno costruito il nostro Paese Italia. <br>\nNel 2021 abbiamo celebrato il 70\u00b0 anniversario della nascita di ENAIP, con una serie di eventi e di iniziative, per ricordare la storia e il valore del nostro marchio. <br><br>Il nostro auspicio \u00e8 di continuare la nostra mission sociale, culturale e formativa, come rete nazionale di istruzione e formazione professionale, ad una sistematica analisi e riflessione sulle sfide e le opportunit\u00e0 del tempo presente.<\/h6>\t\t\t\t<\/div>\n\t\t\t\t<\/div>\n\t\t\t\t<div class=\"elementor-element elementor-element-5d9374d elementor-widget elementor-widget-image\" data-id=\"5d9374d\" data-element_type=\"widget\" data-e-type=\"widget\" data-widget_type=\"image.default\">\n\t\t\t\t<div class=\"elementor-widget-container\">\n\t\t\t\t\t\t\t\t\t\t\t\t\t\t\t<img loading=\"lazy\" decoding=\"async\" width=\"1024\" height=\"517\" src=\"https:\/\/enaip.it\/wp-content\/uploads\/2026\/03\/Acli-storia-1024x517.jpeg\" class=\"attachment-large size-large wp-image-3500\" alt=\"\" srcset=\"https:\/\/enaip.it\/wp-content\/uploads\/2026\/03\/Acli-storia-1024x517.jpeg 1024w, https:\/\/enaip.it\/wp-content\/uploads\/2026\/03\/Acli-storia-300x151.jpeg 300w, https:\/\/enaip.it\/wp-content\/uploads\/2026\/03\/Acli-storia-768x387.jpeg 768w, https:\/\/enaip.it\/wp-content\/uploads\/2026\/03\/Acli-storia.jpeg 1134w\" sizes=\"(max-width: 1024px) 100vw, 1024px\" \/>\t\t\t\t\t\t\t\t\t\t\t\t\t\t\t<\/div>\n\t\t\t\t<\/div>\n\t\t\t\t\t<\/div>\n\t\t\t\t<\/div>\n\t\t\t\t<\/div>\n\t\t","protected":false},"excerpt":{"rendered":"<p>Una storia lunga pi\u00f9 di 80 anni, che intreccia quella delle Acli e ha fatto la storia del nostro Paese [&hellip;]<\/p>\n","protected":false},"author":2,"featured_media":0,"parent":1148,"menu_order":0,"comment_status":"closed","ping_status":"closed","template":"","meta":{"site-sidebar-layout":"default","site-content-layout":"","ast-site-content-layout":"","site-content-style":"default","site-sidebar-style":"default","ast-global-header-display":"","ast-banner-title-visibility":"","ast-main-header-display":"","ast-hfb-above-header-display":"","ast-hfb-below-header-display":"","ast-hfb-mobile-header-display":"","site-post-title":"disabled","ast-breadcrumbs-content":"","ast-featured-img":"","footer-sml-layout":"","theme-transparent-header-meta":"","adv-header-id-meta":"","stick-header-meta":"","header-above-stick-meta":"","header-main-stick-meta":"","header-below-stick-meta":"","astra-migrate-meta-layouts":"default","ast-page-background-enabled":"default","ast-page-background-meta":{"desktop":{"background-color":"var(--ast-global-color-4)","background-image":"","background-repeat":"repeat","background-position":"center center","background-size":"auto","background-attachment":"scroll","background-type":"","background-media":"","overlay-type":"","overlay-color":"","overlay-opacity":"","overlay-gradient":""},"tablet":{"background-color":"","background-image":"","background-repeat":"repeat","background-position":"center center","background-size":"auto","background-attachment":"scroll","background-type":"","background-media":"","overlay-type":"","overlay-color":"","overlay-opacity":"","overlay-gradient":""},"mobile":{"background-color":"","background-image":"","background-repeat":"repeat","background-position":"center center","background-size":"auto","background-attachment":"scroll","background-type":"","background-media":"","overlay-type":"","overlay-color":"","overlay-opacity":"","overlay-gradient":""}},"ast-content-background-meta":{"desktop":{"background-color":"var(--ast-global-color-5)","background-image":"","background-repeat":"repeat","background-position":"center center","background-size":"auto","background-attachment":"scroll","background-type":"","background-media":"","overlay-type":"","overlay-color":"","overlay-opacity":"","overlay-gradient":""},"tablet":{"background-color":"var(--ast-global-color-5)","background-image":"","background-repeat":"repeat","background-position":"center center","background-size":"auto","background-attachment":"scroll","background-type":"","background-media":"","overlay-type":"","overlay-color":"","overlay-opacity":"","overlay-gradient":""},"mobile":{"background-color":"var(--ast-global-color-5)","background-image":"","background-repeat":"repeat","background-position":"center center","background-size":"auto","background-attachment":"scroll","background-type":"","background-media":"","overlay-type":"","overlay-color":"","overlay-opacity":"","overlay-gradient":""}},"footnotes":""},"class_list":["post-2","page","type-page","status-publish","hentry"],"rttpg_featured_image_url":null,"rttpg_author":{"display_name":"Irene Bertucci","author_link":"https:\/\/enaip.it\/?author=2"},"rttpg_comment":0,"rttpg_category":null,"rttpg_excerpt":"Una storia lunga pi\u00f9 di 80 anni, che intreccia quella delle Acli e ha fatto la storia del nostro Paese [&hellip;]","_links":{"self":[{"href":"https:\/\/enaip.it\/index.php?rest_route=\/wp\/v2\/pages\/2","targetHints":{"allow":["GET"]}}],"collection":[{"href":"https:\/\/enaip.it\/index.php?rest_route=\/wp\/v2\/pages"}],"about":[{"href":"https:\/\/enaip.it\/index.php?rest_route=\/wp\/v2\/types\/page"}],"author":[{"embeddable":true,"href":"https:\/\/enaip.it\/index.php?rest_route=\/wp\/v2\/users\/2"}],"replies":[{"embeddable":true,"href":"https:\/\/enaip.it\/index.php?rest_route=%2Fwp%2Fv2%2Fcomments&post=2"}],"version-history":[{"count":19,"href":"https:\/\/enaip.it\/index.php?rest_route=\/wp\/v2\/pages\/2\/revisions"}],"predecessor-version":[{"id":3513,"href":"https:\/\/enaip.it\/index.php?rest_route=\/wp\/v2\/pages\/2\/revisions\/3513"}],"up":[{"embeddable":true,"href":"https:\/\/enaip.it\/index.php?rest_route=\/wp\/v2\/pages\/1148"}],"wp:attachment":[{"href":"https:\/\/enaip.it\/index.php?rest_route=%2Fwp%2Fv2%2Fmedia&parent=2"}],"curies":[{"name":"wp","href":"https:\/\/api.w.org\/{rel}","templated":true}]}}