{"id":1999,"date":"2024-12-04T12:53:17","date_gmt":"2024-12-04T11:53:17","guid":{"rendered":"https:\/\/enaip.it\/?page_id=1999"},"modified":"2025-01-25T11:48:35","modified_gmt":"2025-01-25T10:48:35","slug":"4_enaip-veneto","status":"publish","type":"page","link":"https:\/\/enaip.it\/?page_id=1999","title":{"rendered":"4_Enaip Veneto"},"content":{"rendered":"\t\t<div data-elementor-type=\"wp-page\" data-elementor-id=\"1999\" class=\"elementor elementor-1999\" data-elementor-post-type=\"page\">\n\t\t\t\t<div class=\"elementor-element elementor-element-dec4261 e-flex e-con-boxed e-con e-parent\" data-id=\"dec4261\" data-element_type=\"container\" data-e-type=\"container\">\n\t\t\t\t\t<div class=\"e-con-inner\">\n\t\t<div class=\"elementor-element elementor-element-9431236 e-con-full e-flex e-con e-child\" data-id=\"9431236\" data-element_type=\"container\" data-e-type=\"container\">\n\t\t\t\t<div class=\"elementor-element elementor-element-0fa5055 elementor-widget elementor-widget-image\" data-id=\"0fa5055\" data-element_type=\"widget\" data-e-type=\"widget\" data-widget_type=\"image.default\">\n\t\t\t\t<div class=\"elementor-widget-container\">\n\t\t\t\t\t\t\t\t\t\t\t\t\t\t\t<img fetchpriority=\"high\" decoding=\"async\" width=\"225\" height=\"225\" src=\"https:\/\/enaip.it\/wp-content\/uploads\/2025\/01\/ENAIP-Veneto-logo.jpg\" class=\"attachment-medium size-medium wp-image-2527\" alt=\"\" \/>\t\t\t\t\t\t\t\t\t\t\t\t\t\t\t<\/div>\n\t\t\t\t<\/div>\n\t\t\t\t<\/div>\n\t\t<div class=\"elementor-element elementor-element-a7a4f3d e-con-full e-flex e-con e-child\" data-id=\"a7a4f3d\" data-element_type=\"container\" data-e-type=\"container\">\n\t\t\t\t<div class=\"elementor-element elementor-element-cc3d1d5 elementor-widget__width-initial elementor-widget elementor-widget-text-editor\" data-id=\"cc3d1d5\" data-element_type=\"widget\" data-e-type=\"widget\" data-widget_type=\"text-editor.default\">\n\t\t\t\t<div class=\"elementor-widget-container\">\n\t\t\t\t\t\t\t\t\t<div data-testid=\"richTextElement\"><h4>Contatti<\/h4><\/div><div data-testid=\"richTextElement\"><p><span style=\"font-size: 16px;\">Sede Legale e regionale:<\/span><\/p><p>Via Ansuino da Forl\u00ec 64\/A &#8211; 351334 PADOVA<br \/>PIva 02017870284<\/p><p>CF 92005160285<\/p><\/div>\t\t\t\t\t\t\t\t<\/div>\n\t\t\t\t<\/div>\n\t\t\t\t<\/div>\n\t\t\t\t\t<\/div>\n\t\t\t\t<\/div>\n\t\t<div class=\"elementor-element elementor-element-34d12ae9 e-flex e-con-boxed e-con e-parent\" data-id=\"34d12ae9\" data-element_type=\"container\" data-e-type=\"container\">\n\t\t\t\t\t<div class=\"e-con-inner\">\n\t\t\t\t<div class=\"elementor-element elementor-element-70f559b3 elementor-widget elementor-widget-text-editor\" data-id=\"70f559b3\" data-element_type=\"widget\" data-e-type=\"widget\" data-widget_type=\"text-editor.default\">\n\t\t\t\t<div class=\"elementor-widget-container\">\n\t\t\t\t\t\t\t\t\t<p>ENAIP VENETO IS \u00e8 un importante e storico ente di formazione professionale, punto di riferimento nella regione Veneto per variet\u00e0 e numerosit\u00e0 della sua offerta formativa. Nata nel 1951 come impresa sociale, \u00e8 presente in tutte le province venete con 18 sedi operative. Cresciute in risposta alle esigenze del sistema economico e sociale del territorio di appartenenza, le scuole di formazione ENAIP Veneto sono diventati veri e propri incubatori d\u2019impresa. Formano figure professionali altamente specializzate e orientate all\u2019innovazione &#8211; risorse preziose per ogni impresa che voglia emergere in un mercato sempre pi\u00f9 competitivo -, ma sono anche fucina di tanti piccoli e medi imprenditori, alcuni divenuti protagonisti dello sviluppo del Nordest.<\/p><p>ENAIP Veneto progetta e gestisce corsi di formazione professionale\u00a0per giovani, adulti, aziende e per l\u2019apprendistato.\u00a0Eroga inoltre servizi di orientamento e di accompagnamento al lavoro;\u00a0si occupa di qualificazione e riqualificazione professionale; propone\u00a0percorsi per il riconoscimento e la validazione delle competenze acquisite in ambito lavorativo e formativo extrascolastico; analizza\u00a0le capacit\u00e0 individuali formali ed informali ed elabora il dossier\u00a0individuale delle competenze.<\/p><p>Ente accreditato dalla Regione\u00a0Veneto per la formazione e per i servizi al lavoro e con sistema di gestione certificato UNI\u00a0EN ISO 9001\/2015.<\/p><p><!-- \/wp:paragraph --><\/p>\t\t\t\t\t\t\t\t<\/div>\n\t\t\t\t<\/div>\n\t\t\t\t\t<\/div>\n\t\t\t\t<\/div>\n\t\t<div class=\"elementor-element elementor-element-91a3eb2 e-flex e-con-boxed e-con e-parent\" data-id=\"91a3eb2\" data-element_type=\"container\" data-e-type=\"container\">\n\t\t\t\t\t<div class=\"e-con-inner\">\n\t\t\t\t<div class=\"elementor-element elementor-element-255eaaa elementor-widget elementor-widget-button\" data-id=\"255eaaa\" data-element_type=\"widget\" data-e-type=\"widget\" data-widget_type=\"button.default\">\n\t\t\t\t<div class=\"elementor-widget-container\">\n\t\t\t\t\t\t\t\t\t<div class=\"elementor-button-wrapper\">\n\t\t\t\t\t<a class=\"elementor-button elementor-button-link elementor-size-sm\" href=\"https:\/\/enaip.veneto.it\/\">\n\t\t\t\t\t\t<span class=\"elementor-button-content-wrapper\">\n\t\t\t\t\t\t<span class=\"elementor-button-icon\">\n\t\t\t\t<svg aria-hidden=\"true\" class=\"e-font-icon-svg e-far-hand-point-right\" viewBox=\"0 0 512 512\" xmlns=\"http:\/\/www.w3.org\/2000\/svg\"><path d=\"M428.8 137.6h-86.177a115.52 115.52 0 0 0 2.176-22.4c0-47.914-35.072-83.2-92-83.2-45.314 0-57.002 48.537-75.707 78.784-7.735 12.413-16.994 23.317-25.851 33.253l-.131.146-.129.148C135.662 161.807 127.764 168 120.8 168h-2.679c-5.747-4.952-13.536-8-22.12-8H32c-17.673 0-32 12.894-32 28.8v230.4C0 435.106 14.327 448 32 448h64c8.584 0 16.373-3.048 22.12-8h2.679c28.688 0 67.137 40 127.2 40h21.299c62.542 0 98.8-38.658 99.94-91.145 12.482-17.813 18.491-40.785 15.985-62.791A93.148 93.148 0 0 0 393.152 304H428.8c45.435 0 83.2-37.584 83.2-83.2 0-45.099-38.101-83.2-83.2-83.2zm0 118.4h-91.026c12.837 14.669 14.415 42.825-4.95 61.05 11.227 19.646 1.687 45.624-12.925 53.625 6.524 39.128-10.076 61.325-50.6 61.325H248c-45.491 0-77.21-35.913-120-39.676V215.571c25.239-2.964 42.966-21.222 59.075-39.596 11.275-12.65 21.725-25.3 30.799-39.875C232.355 112.712 244.006 80 252.8 80c23.375 0 44 8.8 44 35.2 0 35.2-26.4 53.075-26.4 70.4h158.4c18.425 0 35.2 16.5 35.2 35.2 0 18.975-16.225 35.2-35.2 35.2zM88 384c0 13.255-10.745 24-24 24s-24-10.745-24-24 10.745-24 24-24 24 10.745 24 24z\"><\/path><\/svg>\t\t\t<\/span>\n\t\t\t\t\t\t\t\t\t<span class=\"elementor-button-text\">per info e corsi visita il nostro sito : CLICCA QUI<\/span>\n\t\t\t\t\t<\/span>\n\t\t\t\t\t<\/a>\n\t\t\t\t<\/div>\n\t\t\t\t\t\t\t\t<\/div>\n\t\t\t\t<\/div>\n\t\t\t\t\t<\/div>\n\t\t\t\t<\/div>\n\t\t<div class=\"elementor-element elementor-element-43923b9 e-flex e-con-boxed e-con e-parent\" data-id=\"43923b9\" data-element_type=\"container\" data-e-type=\"container\">\n\t\t\t\t\t<div class=\"e-con-inner\">\n\t\t\t\t<div class=\"elementor-element elementor-element-85d46e7 elementor-widget elementor-widget-image\" data-id=\"85d46e7\" data-element_type=\"widget\" data-e-type=\"widget\" data-widget_type=\"image.default\">\n\t\t\t\t<div class=\"elementor-widget-container\">\n\t\t\t\t\t\t\t\t\t\t\t\t\t\t\t<img decoding=\"async\" width=\"948\" height=\"543\" src=\"https:\/\/enaip.it\/wp-content\/uploads\/2025\/01\/sedi-Veneto.png\" class=\"attachment-large size-large wp-image-2529\" alt=\"\" \/>\t\t\t\t\t\t\t\t\t\t\t\t\t\t\t<\/div>\n\t\t\t\t<\/div>\n\t\t\t\t\t<\/div>\n\t\t\t\t<\/div>\n\t\t\t\t<\/div>\n\t\t","protected":false},"excerpt":{"rendered":"<p>Contatti Sede Legale e regionale: Via Ansuino da Forl\u00ec 64\/A &#8211; 351334 PADOVAPIva 02017870284 CF 92005160285 ENAIP VENETO IS \u00e8 [&hellip;]<\/p>\n","protected":false},"author":2,"featured_media":0,"parent":0,"menu_order":0,"comment_status":"closed","ping_status":"closed","template":"","meta":{"site-sidebar-layout":"default","site-content-layout":"","ast-site-content-layout":"default","site-content-style":"default","site-sidebar-style":"default","ast-global-header-display":"","ast-banner-title-visibility":"","ast-main-header-display":"","ast-hfb-above-header-display":"","ast-hfb-below-header-display":"","ast-hfb-mobile-header-display":"","site-post-title":"","ast-breadcrumbs-content":"","ast-featured-img":"","footer-sml-layout":"","ast-disable-related-posts":"","theme-transparent-header-meta":"","adv-header-id-meta":"","stick-header-meta":"","header-above-stick-meta":"","header-main-stick-meta":"","header-below-stick-meta":"","astra-migrate-meta-layouts":"default","ast-page-background-enabled":"default","ast-page-background-meta":{"desktop":{"background-color":"var(--ast-global-color-4)","background-image":"","background-repeat":"repeat","background-position":"center center","background-size":"auto","background-attachment":"scroll","background-type":"","background-media":"","overlay-type":"","overlay-color":"","overlay-opacity":"","overlay-gradient":""},"tablet":{"background-color":"","background-image":"","background-repeat":"repeat","background-position":"center center","background-size":"auto","background-attachment":"scroll","background-type":"","background-media":"","overlay-type":"","overlay-color":"","overlay-opacity":"","overlay-gradient":""},"mobile":{"background-color":"","background-image":"","background-repeat":"repeat","background-position":"center center","background-size":"auto","background-attachment":"scroll","background-type":"","background-media":"","overlay-type":"","overlay-color":"","overlay-opacity":"","overlay-gradient":""}},"ast-content-background-meta":{"desktop":{"background-color":"var(--ast-global-color-5)","background-image":"","background-repeat":"repeat","background-position":"center center","background-size":"auto","background-attachment":"scroll","background-type":"","background-media":"","overlay-type":"","overlay-color":"","overlay-opacity":"","overlay-gradient":""},"tablet":{"background-color":"var(--ast-global-color-5)","background-image":"","background-repeat":"repeat","background-position":"center center","background-size":"auto","background-attachment":"scroll","background-type":"","background-media":"","overlay-type":"","overlay-color":"","overlay-opacity":"","overlay-gradient":""},"mobile":{"background-color":"var(--ast-global-color-5)","background-image":"","background-repeat":"repeat","background-position":"center center","background-size":"auto","background-attachment":"scroll","background-type":"","background-media":"","overlay-type":"","overlay-color":"","overlay-opacity":"","overlay-gradient":""}},"footnotes":""},"class_list":["post-1999","page","type-page","status-publish","hentry"],"rttpg_featured_image_url":null,"rttpg_author":{"display_name":"Irene Bertucci","author_link":"https:\/\/enaip.it\/?author=2"},"rttpg_comment":0,"rttpg_category":null,"rttpg_excerpt":"Contatti Sede Legale e regionale: Via Ansuino da Forl\u00ec 64\/A &#8211; 351334 PADOVAPIva 02017870284 CF 92005160285 ENAIP VENETO IS \u00e8 [&hellip;]","_links":{"self":[{"href":"https:\/\/enaip.it\/index.php?rest_route=\/wp\/v2\/pages\/1999","targetHints":{"allow":["GET"]}}],"collection":[{"href":"https:\/\/enaip.it\/index.php?rest_route=\/wp\/v2\/pages"}],"about":[{"href":"https:\/\/enaip.it\/index.php?rest_route=\/wp\/v2\/types\/page"}],"author":[{"embeddable":true,"href":"https:\/\/enaip.it\/index.php?rest_route=\/wp\/v2\/users\/2"}],"replies":[{"embeddable":true,"href":"https:\/\/enaip.it\/index.php?rest_route=%2Fwp%2Fv2%2Fcomments&post=1999"}],"version-history":[{"count":8,"href":"https:\/\/enaip.it\/index.php?rest_route=\/wp\/v2\/pages\/1999\/revisions"}],"predecessor-version":[{"id":2532,"href":"https:\/\/enaip.it\/index.php?rest_route=\/wp\/v2\/pages\/1999\/revisions\/2532"}],"wp:attachment":[{"href":"https:\/\/enaip.it\/index.php?rest_route=%2Fwp%2Fv2%2Fmedia&parent=1999"}],"curies":[{"name":"wp","href":"https:\/\/api.w.org\/{rel}","templated":true}]}}