{"id":1645,"date":"2024-11-28T19:32:34","date_gmt":"2024-11-28T18:32:34","guid":{"rendered":"https:\/\/enaip.it\/?page_id=1645"},"modified":"2025-06-04T10:24:03","modified_gmt":"2025-06-04T08:24:03","slug":"policy-privacy","status":"publish","type":"page","link":"https:\/\/enaip.it\/?page_id=1645","title":{"rendered":"Policy Privacy"},"content":{"rendered":"\t\t<div data-elementor-type=\"wp-page\" data-elementor-id=\"1645\" class=\"elementor elementor-1645\">\n\t\t\t\t<div class=\"elementor-element elementor-element-26f55f61 e-flex e-con-boxed e-con e-parent\" data-id=\"26f55f61\" data-element_type=\"container\" data-e-type=\"container\">\n\t\t\t\t\t<div class=\"e-con-inner\">\n\t\t\t\t<div class=\"elementor-element elementor-element-29271999 elementor-widget elementor-widget-text-editor\" data-id=\"29271999\" data-element_type=\"widget\" data-e-type=\"widget\" data-widget_type=\"text-editor.default\">\n\t\t\t\t<div class=\"elementor-widget-container\">\n\t\t\t\t\t\t\t\t\t<h2>Note legali<\/h2>\n<p><!-- \/wp:heading --><!-- wp:paragraph --><\/p>\n<p><b>Il sito www.enaip.it \u00e8 di propriet\u00e0 di ENAIP Nazionale Impresa Sociale che ne ha piena gestione.&nbsp;<\/b><br><span style=\"font-style: inherit; font-weight: inherit; text-align: var(--text-align); color: var(--ast-global-color-3); background-color: var(--ast-global-color-5);\">Responsabile del sito (contenuti testuali e grafica) \u00e8 la dott.ssa Irene Bertucci \u2013&nbsp;<\/span><a style=\"font-style: inherit; font-weight: inherit; text-align: var(--text-align);\" href=\"https:\/\/web.archive.org\/web\/20240729102112\/mailto:bertucci@enaip.it\">bertucci(at)enaip(dot)it<\/a><span style=\"font-style: inherit; font-weight: inherit; text-align: var(--text-align); color: var(--ast-global-color-3); background-color: var(--ast-global-color-5);\">, che dirige l&#8217;Area Comunicazione e Immagine di ENAIP NAZIONALE.<br><\/span><strong><span style=\"font-style: inherit; text-align: var(--text-align); background-color: var(--ast-global-color-5); color: var(--ast-global-color-3);\">La versione del presente sito \u00e8 stato pubblicata il 05 dicembre 2024 &#8211; il sito \u00e8 in costante aggiornamento.&nbsp;&nbsp;<\/span><\/strong><span style=\"font-style: inherit; font-weight: inherit; text-align: var(--text-align); background-color: var(--ast-global-color-5); color: var(--ast-global-color-3);\">Tranne differenti specificazioni, il materiale contenuto nel sito \u00e8 presentato allo scopo di fornire informazioni su iniziative, pensiero, studi, servizi e attivit\u00e0 di ENAIP Nazionale Impresa Sociale e della rete degli EnAIP regionali e provinciali e dei partner di ENAIP. Tutti i materiali sono di propriet\u00e0 di ENAIP NAZIONALE.<\/span><\/p>\n<p><span style=\"font-style: inherit; font-weight: inherit; text-align: var(--text-align); background-color: var(--ast-global-color-5); color: var(--ast-global-color-3);\">&nbsp;<\/span><\/p>\n<p><!-- \/wp:paragraph --><!-- wp:heading {\"level\":4} --><\/p>\n<h4>Informativa sulla privacy \u2013 anno 2025<\/h4>\n<p><!-- \/wp:heading --><!-- wp:paragraph --><\/p>\n<p><a style=\"background-color: #ffffff; font-size: 1rem;\" href=\"http:\/\/enaip.it\/wp-content\/uploads\/2025\/06\/Informativa-Privacy-web-ENAIP-NAZIONALE_aggiornamento_vt.pdf\" target=\"_blank\" rel=\"noopener\">Leggi qui l\u2019informativa di ENAIP Nazionale Impresa Sociale<\/a><strong>&nbsp;in materia di privacy e trattamento dei dati personali (adeguamento a<\/strong><b>l Regolamento UE 2016\/679 del Parlamento Europeo e del Consiglio (GDPR)<\/b><br>Per eventuali comunicazioni scrivere a:<strong>&nbsp;<\/strong><span style=\"font-size: 1rem;\"><b>privacy@enaipnazionale.it<\/b><\/span><\/p>\n<p><strong>&nbsp;<\/strong><span style=\"font-style: inherit; font-weight: inherit;\">La presente informativa sulla privacy si applica solo al sito&nbsp;<\/span><a style=\"font-style: inherit; font-weight: inherit; background-color: #ffffff;\" href=\"https:\/\/web.archive.org\/web\/20240729102112\/http:\/\/www.enaip.it\/\" target=\"_blank\" rel=\"noreferrer noopener\">www.enaip.it.<\/a><\/p>\n<p><span style=\"background-color: var(--ast-global-color-5); color: var(--ast-global-color-3); font-style: inherit; font-weight: inherit; text-align: var(--text-align);\"><br><\/span><\/p><h4>Informativa sui Cookies<\/h4>\n<p><!-- \/wp:heading --><!-- wp:paragraph --><\/p>\n<p><a href=\"mailto:3 \u2013 Roma (RM) E-mail privacy@enaipnazionale.it\">Leggi qui la politica sui cookies di ENAIP Nazionale<\/a>&nbsp;(aggiornamento 2025)<\/p>\n<p><span style=\"font-style: inherit; font-weight: inherit;\">Nel sito&nbsp;<\/span><a href=\"https:\/\/web.archive.org\/web\/20240729102112\/http:\/\/www.enaip.it\/\" target=\"_blank\" rel=\"noreferrer noopener\" style=\"font-style: inherit; font-weight: inherit; background-color: rgb(255, 255, 255);\">www.enaip.it<\/a><span style=\"font-style: inherit; font-weight: inherit;\">&nbsp;non viene fatto uso di cookies per la trasmissione di informazioni di carattere personale, n\u00e9 vengono utilizzati sistemi per il tracciamento e\/o l\u2019identificazione degli utenti. Nessun dato personale degli utenti viene acquisito dal sito. L\u2019uso di cookies \u00e8 strettamente limitato alla trasmissione di identificativi di sessione (costituiti da numeri casuali generati dal server) necessari per consentire l\u2019esplorazione sicura ed efficiente del sito ed utilizzati ai fini statistici per la rilevazione dei visitatori unici mensili. Il cookie pu\u00f2 essere eliminato dal navigatore utilizzando le funzioni del proprio programma di navigazione.<\/span><span style=\"background-color: var(--ast-global-color-5); color: var(--ast-global-color-3); font-style: inherit; font-weight: inherit; text-align: var(--text-align);\">&nbsp;<\/span><\/p><p><br><\/p>\n<p><!-- \/wp:paragraph --><!-- wp:heading --><\/p>\n<h4>Copyright<\/h4>\n<p><!-- \/wp:heading --><!-- wp:paragraph --><\/p>\n<p>Su tutti i materiali presenti sul sito&nbsp;<strong>www.enaip.it<\/strong>&nbsp;la propriet\u00e0 intellettuale \u00e8 riservata e il loro utilizzo \u00e8 sotto tutela della legge sul diritto d\u2019autore&nbsp;<span style=\"font-style: inherit; font-weight: inherit; text-align: var(--text-align); background-color: var(--ast-global-color-5); color: var(--ast-global-color-3);\">Qualunque contenuto (comprese fotografie) pu\u00f2 essere utilizzato solo per&nbsp;<\/span><strong style=\"font-style: inherit; text-align: var(--text-align); background-color: var(--ast-global-color-5); color: var(--ast-global-color-3);\">esclusivo uso personale<\/strong><span style=\"font-style: inherit; font-weight: inherit; text-align: var(--text-align); background-color: var(--ast-global-color-5); color: var(--ast-global-color-3);\">&nbsp;e con le necessarie&nbsp;<\/span><strong style=\"font-style: inherit; text-align: var(--text-align); background-color: var(--ast-global-color-5); color: var(--ast-global-color-3);\">indicazioni di copyright e di propriet\u00e0 intellettuale.&nbsp;&nbsp;<\/strong><strong style=\"font-style: inherit; text-align: var(--text-align); background-color: var(--ast-global-color-5); color: var(--ast-global-color-3);\">Nessun materiale presente sul sito pu\u00f2 essere copiato, riprodotto, pubblicato, trasmesso o distribuito in qualunque forma senza la corretta citazione di copyright,&nbsp;<\/strong><span style=\"font-style: inherit; font-weight: inherit; text-align: var(--text-align); background-color: var(--ast-global-color-5); color: var(--ast-global-color-3);\">pena le sanzioni previste dagli obblighi di legge.&nbsp;&nbsp;<\/span><span style=\"font-style: inherit; font-weight: inherit; text-align: var(--text-align); background-color: var(--ast-global-color-5); color: var(--ast-global-color-3);\">Per eventuali usi didattici o scientifici degli articoli che compaiono nei numeri di F&amp;L si raccomanda la corretta citazione della fonte (autore, titolo del contributo, pagine, numero della rivista e anno, codice ISSN).&nbsp;&nbsp;<\/span><span style=\"font-style: inherit; font-weight: inherit; text-align: var(--text-align); background-color: var(--ast-global-color-5); color: var(--ast-global-color-3);\">Per eventuali autorizzazione contattare la responsabile del sito, dott.ssa Irene Bertucci (bertucci@enaip.it) oppure utilizzare la pagina CONTATTI.<\/span><\/p>\n<p><span style=\"font-style: inherit; font-weight: inherit; text-align: var(--text-align); background-color: var(--ast-global-color-5); color: var(--ast-global-color-3);\">&nbsp;<\/span><span style=\"font-style: inherit; font-weight: inherit;\">Gli&nbsp;<\/span><span style=\"font-style: inherit; font-weight: bold;\">autori dei materiali<\/span><span style=\"font-style: inherit; font-weight: inherit;\">&nbsp;(contributi scientifici, articoli, fotografie e immagini), che compaiono nei prodotti editoriali di ENAIP Nazionale Impresa Sociale hanno autorizzato la pubblicazione del proprio profilo contestualmente al materiale fornito. Profili e cariche degli autori sono stati forniti dall\u2019autore stesso al momento della pubblicazione del proprio contributo.&nbsp;<\/span><\/p>\n<p style=\"font-size: 17px; font-style: normal; font-weight: 400;\"><span style=\"font-style: inherit; font-weight: inherit;\">In alcune sezioni del sito compaiono fotografie realizzate da Elena Galimberti e realizzate dagli EnAIP regionali e provinciali. Qualora alcune immagini da noi pubblicate siano, a nostra insaputa, soggette a copyright, il titolare \u00e8 invitato a contattarci segnalando la fonte o la richiesta di eventuale rimozione. Verr\u00e0 effettuata la rimozione dei links a siti\/portali i cui responsabili, autori o proprietari non desiderano siano citati. Per segnalazioni, contattare la responsabile del sito, dott.ssa Irene Bertucci \u2013 bertucci@enaip.it<\/span><\/p>\n<p style=\"font-size: 17px; font-style: normal; font-weight: 400;\"><br><\/p>\n<p><!-- \/wp:paragraph --><\/p>\t\t\t\t\t\t\t\t<\/div>\n\t\t\t\t<\/div>\n\t\t\t\t\t<\/div>\n\t\t\t\t<\/div>\n\t\t\t\t<\/div>\n\t\t","protected":false},"excerpt":{"rendered":"<p>Note legali Il sito www.enaip.it \u00e8 di propriet\u00e0 di ENAIP Nazionale Impresa Sociale che ne ha piena gestione.&nbsp;Responsabile del sito [&hellip;]<\/p>\n","protected":false},"author":2,"featured_media":0,"parent":0,"menu_order":0,"comment_status":"closed","ping_status":"closed","template":"","meta":{"site-sidebar-layout":"default","site-content-layout":"","ast-site-content-layout":"","site-content-style":"default","site-sidebar-style":"default","ast-global-header-display":"","ast-banner-title-visibility":"","ast-main-header-display":"","ast-hfb-above-header-display":"","ast-hfb-below-header-display":"","ast-hfb-mobile-header-display":"","site-post-title":"disabled","ast-breadcrumbs-content":"","ast-featured-img":"","footer-sml-layout":"","theme-transparent-header-meta":"","adv-header-id-meta":"","stick-header-meta":"","header-above-stick-meta":"","header-main-stick-meta":"","header-below-stick-meta":"","astra-migrate-meta-layouts":"default","ast-page-background-enabled":"default","ast-page-background-meta":{"desktop":{"background-color":"var(--ast-global-color-4)","background-image":"","background-repeat":"repeat","background-position":"center center","background-size":"auto","background-attachment":"scroll","background-type":"","background-media":"","overlay-type":"","overlay-color":"","overlay-opacity":"","overlay-gradient":""},"tablet":{"background-color":"","background-image":"","background-repeat":"repeat","background-position":"center center","background-size":"auto","background-attachment":"scroll","background-type":"","background-media":"","overlay-type":"","overlay-color":"","overlay-opacity":"","overlay-gradient":""},"mobile":{"background-color":"","background-image":"","background-repeat":"repeat","background-position":"center center","background-size":"auto","background-attachment":"scroll","background-type":"","background-media":"","overlay-type":"","overlay-color":"","overlay-opacity":"","overlay-gradient":""}},"ast-content-background-meta":{"desktop":{"background-color":"var(--ast-global-color-5)","background-image":"","background-repeat":"repeat","background-position":"center center","background-size":"auto","background-attachment":"scroll","background-type":"","background-media":"","overlay-type":"","overlay-color":"","overlay-opacity":"","overlay-gradient":""},"tablet":{"background-color":"var(--ast-global-color-5)","background-image":"","background-repeat":"repeat","background-position":"center center","background-size":"auto","background-attachment":"scroll","background-type":"","background-media":"","overlay-type":"","overlay-color":"","overlay-opacity":"","overlay-gradient":""},"mobile":{"background-color":"var(--ast-global-color-5)","background-image":"","background-repeat":"repeat","background-position":"center center","background-size":"auto","background-attachment":"scroll","background-type":"","background-media":"","overlay-type":"","overlay-color":"","overlay-opacity":"","overlay-gradient":""}},"footnotes":""},"class_list":["post-1645","page","type-page","status-publish","hentry"],"rttpg_featured_image_url":null,"rttpg_author":{"display_name":"Irene Bertucci","author_link":"https:\/\/enaip.it\/?author=2"},"rttpg_comment":0,"rttpg_category":null,"rttpg_excerpt":"Note legali Il sito www.enaip.it \u00e8 di propriet\u00e0 di ENAIP Nazionale Impresa Sociale che ne ha piena gestione.&nbsp;Responsabile del sito [&hellip;]","_links":{"self":[{"href":"https:\/\/enaip.it\/index.php?rest_route=\/wp\/v2\/pages\/1645","targetHints":{"allow":["GET"]}}],"collection":[{"href":"https:\/\/enaip.it\/index.php?rest_route=\/wp\/v2\/pages"}],"about":[{"href":"https:\/\/enaip.it\/index.php?rest_route=\/wp\/v2\/types\/page"}],"author":[{"embeddable":true,"href":"https:\/\/enaip.it\/index.php?rest_route=\/wp\/v2\/users\/2"}],"replies":[{"embeddable":true,"href":"https:\/\/enaip.it\/index.php?rest_route=%2Fwp%2Fv2%2Fcomments&post=1645"}],"version-history":[{"count":13,"href":"https:\/\/enaip.it\/index.php?rest_route=\/wp\/v2\/pages\/1645\/revisions"}],"predecessor-version":[{"id":2958,"href":"https:\/\/enaip.it\/index.php?rest_route=\/wp\/v2\/pages\/1645\/revisions\/2958"}],"wp:attachment":[{"href":"https:\/\/enaip.it\/index.php?rest_route=%2Fwp%2Fv2%2Fmedia&parent=1645"}],"curies":[{"name":"wp","href":"https:\/\/api.w.org\/{rel}","templated":true}]}}